{"id":229,"date":"2024-05-06T16:21:00","date_gmt":"2024-05-06T16:21:00","guid":{"rendered":"https:\/\/info.kmarea.com\/?page_id=229"},"modified":"2024-05-13T15:33:46","modified_gmt":"2024-05-13T15:33:46","slug":"aviso-legal","status":"publish","type":"page","link":"https:\/\/info.kmarea.com\/?page_id=229","title":{"rendered":"Aviso Legal"},"content":{"rendered":"\t\t<div data-elementor-type=\"wp-page\" data-elementor-id=\"229\" class=\"elementor elementor-229\" data-elementor-post-type=\"page\">\n\t\t\t\t<div class=\"elementor-element elementor-element-be00432 e-flex e-con-boxed e-con e-parent\" data-id=\"be00432\" data-element_type=\"container\" data-e-type=\"container\" data-settings=\"{&quot;background_background&quot;:&quot;classic&quot;}\">\n\t\t\t\t\t<div class=\"e-con-inner\">\n\t\t<div class=\"elementor-element elementor-element-96e47fa e-flex e-con-boxed e-con e-child\" data-id=\"96e47fa\" data-element_type=\"container\" data-e-type=\"container\" data-settings=\"{&quot;background_background&quot;:&quot;classic&quot;}\">\n\t\t\t\t\t<div class=\"e-con-inner\">\n\t\t\t\t<div class=\"elementor-element elementor-element-169ce1b elementor-widget elementor-widget-heading\" data-id=\"169ce1b\" data-element_type=\"widget\" data-e-type=\"widget\" data-widget_type=\"heading.default\">\n\t\t\t\t<div class=\"elementor-widget-container\">\n\t\t\t\t\t<h5 class=\"elementor-heading-title elementor-size-default\">Aviso Legal<\/h5>\t\t\t\t<\/div>\n\t\t\t\t<\/div>\n\t\t\t\t<div class=\"elementor-element elementor-element-c6909ef elementor-widget elementor-widget-spacer\" data-id=\"c6909ef\" data-element_type=\"widget\" data-e-type=\"widget\" data-widget_type=\"spacer.default\">\n\t\t\t\t<div class=\"elementor-widget-container\">\n\t\t\t\t\t\t\t<div class=\"elementor-spacer\">\n\t\t\t<div class=\"elementor-spacer-inner\"><\/div>\n\t\t<\/div>\n\t\t\t\t\t\t<\/div>\n\t\t\t\t<\/div>\n\t\t\t\t<div class=\"elementor-element elementor-element-f3b9df4 elementor-widget elementor-widget-text-editor\" data-id=\"f3b9df4\" data-element_type=\"widget\" data-e-type=\"widget\" data-widget_type=\"text-editor.default\">\n\t\t\t\t<div class=\"elementor-widget-container\">\n\t\t\t\t\t\t\t\t\t<p>Las presentes condiciones legales son establecidas por Servicios Avanzados de Opini\u00f3n S.L.U (SAO) con el fin de determinar los criterios y condiciones de uso de la aplicaci\u00f3n Kmarea.<\/p><h4><strong>Datos del titular:<\/strong><\/h4><p>Seg\u00fan lo establecido en la ley de Sociedad de la informaci\u00f3n y comercio electr\u00f3nico, LSSICE 34\/2002, Servicios Avanzados de Opini\u00f3n S.L.U (SAO) pone a disposici\u00f3n los datos del titular de la presente p\u00e1gina web.<\/p><h4><strong>Identificaci\u00f3n y contacto:<\/strong><\/h4><p><strong>Denominaci\u00f3n de la aplicaci\u00f3n:<\/strong>\u00a0Kmarea<br \/><strong>Denominaci\u00f3n social:<\/strong>\u00a0Servicios Avanzados de Opini\u00f3n S.L.U. (SAO).<br \/><strong>CIF:<\/strong>\u00a0B38464798<br \/><strong>Direcci\u00f3n:<\/strong>\u00a0Avda. \u00c1ngel Guimer\u00e1, 5. Piso 2. 38003, Santa Cruz de Tenerife, Islas Canarias, Espa\u00f1a<br \/><strong>Correo electr\u00f3nico:<\/strong>\u00a0<a href=\"mailto:saosl@saosl.com\">saosl@saosl.com<\/a><br \/><strong>Tel\u00e9fono:<\/strong>\u00a0<a href=\"tel:922296274\">922296274<\/a><\/p><p>\u00a0<\/p><p>Al navegar por este sitio web el navegante adquiere la condici\u00f3n de usuario; el usuario acepta las condiciones de uso establecidas; Servicios Avanzados de Opini\u00f3n S.L.U. (SAO) se reserva el derecho a modificar en cualquier momento sus condiciones legales, as\u00ed como a realizar cualquier mejora t\u00e9cnica o visual que considere oportuno; si las modificaciones afectan a la privacidad de los usuarios, se avisar\u00e1 con antelaci\u00f3n a la entrada en vigor de los cambios.<\/p><p>En cumplimiento Ley Org\u00e1nica de Protecci\u00f3n de Datos Personales y Garant\u00eda de los Derechos Digitales (LOPD-GDD 3\/2018) y con el Reglamento General de Protecci\u00f3n de Datos (RGPD UE 2016\/679) para poder atender sus consultas, cumplimente los campos obligatorios. No se ceder\u00e1n datos a terceros salvo obligaci\u00f3n legal o en el supuesto que sea necesario para atender su solicitud, en caso de cambios y modificaciones en sus datos deber\u00e1 comunicarlo. Pueden ejercitar sus derechos de acceso, rectificaci\u00f3n, supresi\u00f3n, limitaci\u00f3n, oposici\u00f3n y portabilidad a la siguiente direcci\u00f3n:\u00a0<a href=\"mailto:dpo@saosl.com\">dpo@saosl.com<\/a><\/p><h4><strong><br \/>POL\u00cdTICA DE ENLACES<\/strong><\/h4><p>En esta aplicaci\u00f3n se podr\u00edan establecer enlaces a p\u00e1ginas de terceros con el fin de facilitar a los usuarios el acceso a distintas redes sociales y plataformas de internet; SAO no se hace responsable de los contenidos, ofertas, productos o servicios que pudieran encontrarse.<\/p><h4><br \/><strong>LEGISLACI\u00d3N APLICABLE<\/strong><\/h4><p>Con car\u00e1cter general, las presentes condiciones se rigen, en todos y cada uno de sus extremos por la ley espa\u00f1ola aplicable, resultando de aplicaci\u00f3n, en caso de conflicto o divergencia en la interpretaci\u00f3n y\/o ejecuci\u00f3n del mismo, o de cualquier otra de las condiciones particulares dispuestas en la aplicaci\u00f3n, con renuncia a cualquier otro fuera que pudiera corresponderles a las partes, a los Juzgados y Tribunales competentes de Santa Cruz de Tenerife.<\/p><p>Lo referente a Kmarea y el usuario se llevar\u00e1 a cabo dentro de la normativa nacional vigente y cualquier controversia se sustanciar\u00e1 a trav\u00e9s de los Juzgados y Tribunales de Santa Cruz de Tenerife.<\/p>\t\t\t\t\t\t\t\t<\/div>\n\t\t\t\t<\/div>\n\t\t\t\t\t<\/div>\n\t\t\t\t<\/div>\n\t\t\t\t\t<\/div>\n\t\t\t\t<\/div>\n\t\t\t\t<\/div>\n\t\t","protected":false},"excerpt":{"rendered":"<p>Aviso Legal Las presentes condiciones legales son establecidas por Servicios Avanzados de Opini\u00f3n S.L.U (SAO) con el fin de determinar los criterios y condiciones de uso de la aplicaci\u00f3n Kmarea. Datos del titular: Seg\u00fan lo establecido en la ley de Sociedad de la informaci\u00f3n y comercio electr\u00f3nico, LSSICE 34\/2002, Servicios Avanzados de Opini\u00f3n S.L.U (SAO) [&hellip;]<\/p>\n","protected":false},"author":1,"featured_media":0,"parent":0,"menu_order":0,"comment_status":"closed","ping_status":"closed","template":"","meta":{"footnotes":""},"class_list":["post-229","page","type-page","status-publish","hentry"],"yoast_head":"<!-- This site is optimized with the Yoast SEO plugin v27.1.1 - https:\/\/yoast.com\/product\/yoast-seo-wordpress\/ -->\n<title>Aviso Legal - Kmarea<\/title>\n<meta name=\"robots\" content=\"index, follow, max-snippet:-1, max-image-preview:large, max-video-preview:-1\" \/>\n<link rel=\"canonical\" href=\"https:\/\/info.kmarea.com\/?page_id=229\" \/>\n<meta property=\"og:locale\" content=\"es_ES\" \/>\n<meta property=\"og:type\" content=\"article\" \/>\n<meta property=\"og:title\" content=\"Aviso Legal - Kmarea\" \/>\n<meta property=\"og:description\" content=\"Aviso Legal Las presentes condiciones legales son establecidas por Servicios Avanzados de Opini\u00f3n S.L.U (SAO) con el fin de determinar los criterios y condiciones de uso de la aplicaci\u00f3n Kmarea. Datos del titular: Seg\u00fan lo establecido en la ley de Sociedad de la informaci\u00f3n y comercio electr\u00f3nico, LSSICE 34\/2002, Servicios Avanzados de Opini\u00f3n S.L.U (SAO) [&hellip;]\" \/>\n<meta property=\"og:url\" content=\"https:\/\/info.kmarea.com\/?page_id=229\" \/>\n<meta property=\"og:site_name\" content=\"Kmarea\" \/>\n<meta property=\"article:modified_time\" content=\"2024-05-13T15:33:46+00:00\" \/>\n<meta name=\"twitter:card\" content=\"summary_large_image\" \/>\n<meta name=\"twitter:label1\" content=\"Tiempo de lectura\" \/>\n\t<meta name=\"twitter:data1\" content=\"2 minutos\" \/>\n<script type=\"application\/ld+json\" class=\"yoast-schema-graph\">{\"@context\":\"https:\/\/schema.org\",\"@graph\":[{\"@type\":\"WebPage\",\"@id\":\"https:\/\/info.kmarea.com\/?page_id=229\",\"url\":\"https:\/\/info.kmarea.com\/?page_id=229\",\"name\":\"Aviso Legal - Kmarea\",\"isPartOf\":{\"@id\":\"https:\/\/info.kmarea.com\/#website\"},\"datePublished\":\"2024-05-06T16:21:00+00:00\",\"dateModified\":\"2024-05-13T15:33:46+00:00\",\"breadcrumb\":{\"@id\":\"https:\/\/info.kmarea.com\/?page_id=229#breadcrumb\"},\"inLanguage\":\"es\",\"potentialAction\":[{\"@type\":\"ReadAction\",\"target\":[\"https:\/\/info.kmarea.com\/?page_id=229\"]}]},{\"@type\":\"BreadcrumbList\",\"@id\":\"https:\/\/info.kmarea.com\/?page_id=229#breadcrumb\",\"itemListElement\":[{\"@type\":\"ListItem\",\"position\":1,\"name\":\"Portada\",\"item\":\"https:\/\/info.kmarea.com\/\"},{\"@type\":\"ListItem\",\"position\":2,\"name\":\"Aviso Legal\"}]},{\"@type\":\"WebSite\",\"@id\":\"https:\/\/info.kmarea.com\/#website\",\"url\":\"https:\/\/info.kmarea.com\/\",\"name\":\"Kmarea\",\"description\":\"\",\"publisher\":{\"@id\":\"https:\/\/info.kmarea.com\/#organization\"},\"potentialAction\":[{\"@type\":\"SearchAction\",\"target\":{\"@type\":\"EntryPoint\",\"urlTemplate\":\"https:\/\/info.kmarea.com\/?s={search_term_string}\"},\"query-input\":{\"@type\":\"PropertyValueSpecification\",\"valueRequired\":true,\"valueName\":\"search_term_string\"}}],\"inLanguage\":\"es\"},{\"@type\":\"Organization\",\"@id\":\"https:\/\/info.kmarea.com\/#organization\",\"name\":\"Kmarea\",\"url\":\"https:\/\/info.kmarea.com\/\",\"logo\":{\"@type\":\"ImageObject\",\"inLanguage\":\"es\",\"@id\":\"https:\/\/info.kmarea.com\/#\/schema\/logo\/image\/\",\"url\":\"https:\/\/info.kmarea.com\/wp-content\/uploads\/2024\/05\/kmarea_Logo_W.svg\",\"contentUrl\":\"https:\/\/info.kmarea.com\/wp-content\/uploads\/2024\/05\/kmarea_Logo_W.svg\",\"width\":256,\"height\":256,\"caption\":\"Kmarea\"},\"image\":{\"@id\":\"https:\/\/info.kmarea.com\/#\/schema\/logo\/image\/\"}}]}<\/script>\n<!-- \/ Yoast SEO plugin. -->","yoast_head_json":{"title":"Aviso Legal - Kmarea","robots":{"index":"index","follow":"follow","max-snippet":"max-snippet:-1","max-image-preview":"max-image-preview:large","max-video-preview":"max-video-preview:-1"},"canonical":"https:\/\/info.kmarea.com\/?page_id=229","og_locale":"es_ES","og_type":"article","og_title":"Aviso Legal - Kmarea","og_description":"Aviso Legal Las presentes condiciones legales son establecidas por Servicios Avanzados de Opini\u00f3n S.L.U (SAO) con el fin de determinar los criterios y condiciones de uso de la aplicaci\u00f3n Kmarea. Datos del titular: Seg\u00fan lo establecido en la ley de Sociedad de la informaci\u00f3n y comercio electr\u00f3nico, LSSICE 34\/2002, Servicios Avanzados de Opini\u00f3n S.L.U (SAO) [&hellip;]","og_url":"https:\/\/info.kmarea.com\/?page_id=229","og_site_name":"Kmarea","article_modified_time":"2024-05-13T15:33:46+00:00","twitter_card":"summary_large_image","twitter_misc":{"Tiempo de lectura":"2 minutos"},"schema":{"@context":"https:\/\/schema.org","@graph":[{"@type":"WebPage","@id":"https:\/\/info.kmarea.com\/?page_id=229","url":"https:\/\/info.kmarea.com\/?page_id=229","name":"Aviso Legal - Kmarea","isPartOf":{"@id":"https:\/\/info.kmarea.com\/#website"},"datePublished":"2024-05-06T16:21:00+00:00","dateModified":"2024-05-13T15:33:46+00:00","breadcrumb":{"@id":"https:\/\/info.kmarea.com\/?page_id=229#breadcrumb"},"inLanguage":"es","potentialAction":[{"@type":"ReadAction","target":["https:\/\/info.kmarea.com\/?page_id=229"]}]},{"@type":"BreadcrumbList","@id":"https:\/\/info.kmarea.com\/?page_id=229#breadcrumb","itemListElement":[{"@type":"ListItem","position":1,"name":"Portada","item":"https:\/\/info.kmarea.com\/"},{"@type":"ListItem","position":2,"name":"Aviso Legal"}]},{"@type":"WebSite","@id":"https:\/\/info.kmarea.com\/#website","url":"https:\/\/info.kmarea.com\/","name":"Kmarea","description":"","publisher":{"@id":"https:\/\/info.kmarea.com\/#organization"},"potentialAction":[{"@type":"SearchAction","target":{"@type":"EntryPoint","urlTemplate":"https:\/\/info.kmarea.com\/?s={search_term_string}"},"query-input":{"@type":"PropertyValueSpecification","valueRequired":true,"valueName":"search_term_string"}}],"inLanguage":"es"},{"@type":"Organization","@id":"https:\/\/info.kmarea.com\/#organization","name":"Kmarea","url":"https:\/\/info.kmarea.com\/","logo":{"@type":"ImageObject","inLanguage":"es","@id":"https:\/\/info.kmarea.com\/#\/schema\/logo\/image\/","url":"https:\/\/info.kmarea.com\/wp-content\/uploads\/2024\/05\/kmarea_Logo_W.svg","contentUrl":"https:\/\/info.kmarea.com\/wp-content\/uploads\/2024\/05\/kmarea_Logo_W.svg","width":256,"height":256,"caption":"Kmarea"},"image":{"@id":"https:\/\/info.kmarea.com\/#\/schema\/logo\/image\/"}}]}},"_links":{"self":[{"href":"https:\/\/info.kmarea.com\/index.php?rest_route=\/wp\/v2\/pages\/229","targetHints":{"allow":["GET"]}}],"collection":[{"href":"https:\/\/info.kmarea.com\/index.php?rest_route=\/wp\/v2\/pages"}],"about":[{"href":"https:\/\/info.kmarea.com\/index.php?rest_route=\/wp\/v2\/types\/page"}],"author":[{"embeddable":true,"href":"https:\/\/info.kmarea.com\/index.php?rest_route=\/wp\/v2\/users\/1"}],"replies":[{"embeddable":true,"href":"https:\/\/info.kmarea.com\/index.php?rest_route=%2Fwp%2Fv2%2Fcomments&post=229"}],"version-history":[{"count":22,"href":"https:\/\/info.kmarea.com\/index.php?rest_route=\/wp\/v2\/pages\/229\/revisions"}],"predecessor-version":[{"id":483,"href":"https:\/\/info.kmarea.com\/index.php?rest_route=\/wp\/v2\/pages\/229\/revisions\/483"}],"wp:attachment":[{"href":"https:\/\/info.kmarea.com\/index.php?rest_route=%2Fwp%2Fv2%2Fmedia&parent=229"}],"curies":[{"name":"wp","href":"https:\/\/api.w.org\/{rel}","templated":true}]}}