{"id":486,"date":"2024-05-13T15:36:49","date_gmt":"2024-05-13T15:36:49","guid":{"rendered":"https:\/\/info.kmarea.com\/?page_id=486"},"modified":"2024-05-18T18:37:25","modified_gmt":"2024-05-18T18:37:25","slug":"politicas-de-privacidad","status":"publish","type":"page","link":"https:\/\/info.kmarea.com\/?page_id=486","title":{"rendered":"Pol\u00edticas de Privacidad"},"content":{"rendered":"\t\t<div data-elementor-type=\"wp-page\" data-elementor-id=\"486\" class=\"elementor elementor-486\" data-elementor-post-type=\"page\">\n\t\t\t\t<div class=\"elementor-element elementor-element-be00432 e-flex e-con-boxed e-con e-parent\" data-id=\"be00432\" data-element_type=\"container\" data-e-type=\"container\" data-settings=\"{&quot;background_background&quot;:&quot;classic&quot;}\">\n\t\t\t\t\t<div class=\"e-con-inner\">\n\t\t<div class=\"elementor-element elementor-element-5a565fe e-flex e-con-boxed e-con e-child\" data-id=\"5a565fe\" data-element_type=\"container\" data-e-type=\"container\" data-settings=\"{&quot;background_background&quot;:&quot;classic&quot;}\">\n\t\t\t\t\t<div class=\"e-con-inner\">\n\t\t\t\t<div class=\"elementor-element elementor-element-a9072bf elementor-widget elementor-widget-heading\" data-id=\"a9072bf\" data-element_type=\"widget\" data-e-type=\"widget\" data-widget_type=\"heading.default\">\n\t\t\t\t<div class=\"elementor-widget-container\">\n\t\t\t\t\t<h5 class=\"elementor-heading-title elementor-size-default\">Pol\u00edticas de Privacidad<\/h5>\t\t\t\t<\/div>\n\t\t\t\t<\/div>\n\t\t\t\t<div class=\"elementor-element elementor-element-3532018 elementor-widget elementor-widget-spacer\" data-id=\"3532018\" data-element_type=\"widget\" data-e-type=\"widget\" data-widget_type=\"spacer.default\">\n\t\t\t\t<div class=\"elementor-widget-container\">\n\t\t\t\t\t\t\t<div class=\"elementor-spacer\">\n\t\t\t<div class=\"elementor-spacer-inner\"><\/div>\n\t\t<\/div>\n\t\t\t\t\t\t<\/div>\n\t\t\t\t<\/div>\n\t\t\t\t<div class=\"elementor-element elementor-element-ffab36c elementor-widget elementor-widget-text-editor\" data-id=\"ffab36c\" data-element_type=\"widget\" data-e-type=\"widget\" data-widget_type=\"text-editor.default\">\n\t\t\t\t<div class=\"elementor-widget-container\">\n\t\t\t\t\t\t\t\t\t<h3><strong>CONDICIONES DE USO<\/strong><\/h3><p>Las presentes condiciones de Uso y La Pol\u00edtica de Privacidad constituyen un acuerdo con Servicios Avanzados de Opini\u00f3n S.L.U, donde el cliente directo de Servicios Avanzados de Opini\u00f3n S.L.U es el propietario del restaurante que acepta la gesti\u00f3n de la plataforma como intermediario de los servicios. Estas disposiciones tambi\u00e9n le son de aplicaci\u00f3n adem\u00e1s de las condiciones generales y particulares de compra aceptadas en el momento de suscripci\u00f3n de los servicios. Estas disposiciones son vinculantes para usted. Recomendamos que las lea con atenci\u00f3n.<\/p><p>El cliente final son los usuarios, que adquieren los servicios de los restaurantes a trav\u00e9s de nuestra plataforma. Al acceder o usar de cualquier modo la plataforma el usuario acepta incondicionalmente someterse a las condiciones de uso de la misma.<\/p><p>Servicios Avanzados de Opini\u00f3n S.L.U. se reserva el derecho a modificar las presentes condiciones de uso, ya sea de manera parcial o total, de lo cual informara public\u00e1ndolas.<\/p><p>El usuario es el responsable de consultar las posibles variaciones.<\/p><p>\u00a0<\/p><h3><strong>USO DE IDEONIDAD DEL USUARIO<\/strong><\/h3><p>El usuario se compromete a proporcionar informaci\u00f3n exacta, actualizada y veraz, especialmente en lo relativo a su tratamiento, nombre, apellidos, DNI, direcci\u00f3n, tel\u00e9fono o datos de pago.<\/p><p>Al crear una cuenta el usuario es responsable de aportar los datos para el registro. Estos datos son personales, confidenciales e intransferibles. El usuario puede modificar o actualizar sus datos de registro a petici\u00f3n propia a la plataforma. Y si as\u00ed lo desea tambi\u00e9n puede eliminar su cuenta solicit\u00e1ndolo igualmente a la plataforma.<\/p><p>El usuario se compromete a no usar los contenidos de la plataforma con fines ilegales, ileg\u00edtimos o fraudulentos. Si detectamos que hay un incumplimiento de las condiciones de uso por parte del usuario, la plataforma puede proceder a eliminar la cuenta del usuario.<\/p><p>Los usuarios se comprometen a cumplir las disposiciones sobre propiedad intelectual recogidas en las presentes condiciones de uso, que detallamos a continuaci\u00f3n:<\/p><p>Todos los elementos, marcas, textos, dise\u00f1os, logos, son propiedad de Servicios Avanzados de Opini\u00f3n S.L.U y\/o de los restaurantes adheridos a la plataforma, por lo que est\u00e1 prohibido utilizarlos de cualquier manera sin autorizaci\u00f3n expresa de Servicios Avanzados de Opini\u00f3n S.L.U o los restaurantes adheridos.<\/p><h3><br \/><strong>POL\u00cdTICA DE PRIVACIDAD<\/strong><\/h3><p>De conformidad con el Ley Org\u00e1nica de Protecci\u00f3n de Datos Personales y Garant\u00eda de los Derechos Digitales (LOPDGDD 3\/2018) y con el Reglamento General de Protecci\u00f3n de Datos (RGPD UE 2016\/679) ponemos a su disposici\u00f3n la siguiente informaci\u00f3n:<\/p><p>\u00a0<\/p><h3><strong>INFORMACI\u00d3N B\u00c1SICA DE PROTECCI\u00d3N DE DATOS<\/strong><\/h3><p><strong>Responsable:<\/strong> Servicios Avanzados de Opini\u00f3n S.L.U. (SAO)<\/p><p><strong>Finalidad<\/strong><\/p><ul><li>Soporte, gesti\u00f3n, y mantenimiento de la relaci\u00f3n con los restaurantes de la plataforma.<\/li><li>Atender las solicitudes realizadas a trav\u00e9s de la plataforma por los usuarios de la misma, y gestionar los servicios que requieran.<\/li><\/ul><p>\u00a0<\/p><p><strong>Legitimaci\u00f3n:<\/strong> Consentimiento del interesado.<\/p><p><strong>Destinatarios:<\/strong> No se ceder\u00e1n datos a terceros salvo obligaci\u00f3n legal o en el supuesto que sea necesario para atender su solicitud.<\/p><p><strong>Derechos:<\/strong>\u00a0Podr\u00e1 ejercer los derechos de acceso, rectificaci\u00f3n, supresi\u00f3n y oposici\u00f3n, limitaci\u00f3n del tratamiento, portabilidad de datos.<\/p><h3><br \/><strong>IDENTIFICACION DEL RESPONSABLE DEL TRATAMIENTO DE LA APP<\/strong><\/h3><p>El responsable del tratamiento de los datos de la plataforma Kmarea es Servicios Avanzados de Opini\u00f3n S.L.U. (SAO), con CIF B38464798 y direcci\u00f3n en Avda. \u00c1ngel Guimer\u00e1, 5 Piso 2, 38003, Santa Cruz de Tenerife, Islas Canarias, Espa\u00f1a.<\/p><p>\u00a0<\/p><h4><strong>DATOS DE CONTACTO PARA EL USUARIO DE LA APP<\/strong><\/h4><p><strong>Correo electr\u00f3nico:<\/strong>\u00a0<a href=\"mailto:saosl@saosl.com\">saosl@saosl.com<\/a><br \/><strong>Tel\u00e9fono:<\/strong>\u00a0<a href=\"tel:922296274\">922296274<\/a><\/p><h4><br \/><strong>\u00bfQU\u00c9 ES KMAREA?<\/strong><\/h4><p>KMAREA es una plataforma que permite a los usuarios interactuar con los establecimientos de restauraci\u00f3n, haci\u00e9ndolo posible de una forma \u00e1gil y sencilla, donde la plataforma act\u00faa exclusivamente como intermediario entre el usuario y el restaurante. Se podr\u00e1 acceder a ella desde cualquier dispositivo y lugar, accediendo a toda la informaci\u00f3n del restaurante: direcci\u00f3n, horarios, contacto y carta incluyendo fotos y al\u00e9rgenos.<\/p><p>KMAREA ofrece al usuario la posibilidad de realizar los siguientes servicios:<\/p><ul><li>Hacer pedidos al restaurante en remoto y abonarlos.<\/li><li>Buscar y reservar mesa en los restaurantes adheridos.<\/li><li>Realizar pedidos desde mesa en el propio restaurante, solicitar la atenci\u00f3n del camarero, pedir la cuenta e incluso abonarla.<\/li><li>Adquirir promociones y servicios del restaurante publicados en la plataforma.<\/li><\/ul><p>\u00a0<\/p><p>El precio de compra de productos o servicios estar\u00e1n fijados por el restaurante y siempre tendr\u00e1 el impuesto incluido.<\/p><p>\u00a0<\/p><h4>Pol\u00edtica de devoluciones y la pol\u00edtica de env\u00edo.<\/h4><p>El restaurante podr\u00eda proceder al rembolso del pago al usuario si detecta la no procedencia de un pedido.<br \/><br \/>La pol\u00edtica de env\u00edos y la gesti\u00f3n de los repartos a domicilio la establece cada uno de los<br \/>restaurantes adheridos, para cualquier consulta o posible reclamaci\u00f3n el usuario podr\u00e1 solicitar la<br \/>informaci\u00f3n contactando directamente con el restaurante.<\/p><h4><br \/><strong>\u00bfPARA QU\u00c9 TENEMOS SUS DATOS Y CU\u00c1L ES LA BASE LEGAL PARA EL TRATAMIENTO?<\/strong><\/h4><p>Los datos personales que nos aporta tienen la finalidad de gestionar las funcionalidades de la aplicaci\u00f3n, como plataforma entre usuarios y restaurantes.<\/p><p>Cuando se registra en nuestra plataforma recabamos nombre, apellidos, DNI y tel\u00e9fono para prestar el servicio, adem\u00e1s cuando solicita el env\u00edo de pedidos a su domicilio, requerimos tambi\u00e9n su direcci\u00f3n. Estos datos son indispensables, en el que caso de no facilit\u00e1rnoslos nos ser\u00eda imposible facilitarle los servicios.<\/p><p>Cuando realiza el pago y facilita los datos necesarios para esta finalidad, se realiza a trav\u00e9s de la plataforma de pago PAYCOMET, S.L.U. la cual es una pasarela de pago certificada y que ofrece las garant\u00edas que exige la legislaci\u00f3n vigente.<\/p><p>La base legal que nos permite el tratamiento de sus datos es el consentimiento diferenciado que presta para las diferentes finalidades, a trav\u00e9s de la aceptaci\u00f3n del los diferentes formularios que le facilitamos en la plataforma, de acuerdo con nuestra Pol\u00edtica de Privacidad.<\/p><p>\u00a0<\/p><h4><strong>\u00a0\u00bfD\u00d3NDE SE ALMACENA SU INFORMACI\u00d3N?<\/strong><\/h4><p>Nombre y direcci\u00f3n de la empresa gestora (Almacenamiento\/Hosting)<\/p><p><strong>IONOS Cloud S.L.U.<\/strong><br \/>Avenida de La Vega, 1<br \/>Edificio Veganova (Edificio 3, 5o-C)<br \/>28108 Alcobendas (Madrid)<\/p><p>\u00a0<\/p><p>Nuestra entidad posee la certificaci\u00f3n y cumple con todos los procedimientos de seguridad de la informaci\u00f3n de la ISO-27001 y cumplimos con la normativa SEPA europea.<\/p><h4><br \/><strong>\u00bfA QUI\u00c9N SE CEDER\u00c1N SUS DATOS?<\/strong><\/h4><p>No se ceder\u00e1n datos a terceros salvo obligaci\u00f3n legal, o en el supuesto que fuera necesario para el cumplimiento directamente relacionado con las funciones derivadas del servicio.<\/p><p>\u00a0<\/p><h4><strong>\u00bfPOR CU\u00c1NTO TIEMPO CONSERVAREMOS SUS DATOS?<\/strong><\/h4><p>Siguiendo los principios de la normativa de Protecci\u00f3n de Datos trataremos los datos el m\u00ednimo tiempo posible. Por ello, los datos personales proporcionados se conservar\u00e1n mientras se mantenga la relaci\u00f3n con la plataforma, y no se solicite su supresi\u00f3n o la eliminaci\u00f3n de la cuenta de usuario por el interesado.<\/p><p>Conservaremos el historial de sus reservas y\/o compras realizadas. En el caso de los datos de medios de pago se conservar\u00e1n solo si usted lo autoriza para facilitar el pago en compras futuras. En caso contrario, el periodo de supresi\u00f3n ser\u00e1 atendiendo los plazos previstos respecto a la prescripci\u00f3n de responsabilidades.<\/p><p>Finalizada la relaci\u00f3n s\u00f3lo se conservar\u00e1n los datos, de manera confidencial y debidamente bloqueados, si existiera una obligaci\u00f3n legal para ello.<\/p><p>\u00a0<\/p><h4><strong>\u00bfCU\u00c1LES SON SUS DERECHOS CUANDO NOS FACILITA SUS DATOS? \u00bfY D\u00d3NDE DIRIGIRME PARA EJERCITAR MIS DERECHOS?<\/strong><\/h4><p>Cualquier persona tiene derecho a obtener confirmaci\u00f3n sobre si en KMAREA estamos tratando datos personales que les conciernan, o no. Las personas interesadas tienen derecho a acceder a sus datos personales, as\u00ed como a solicitar la rectificaci\u00f3n de los datos inexactos o, en su caso, solicitar su supresi\u00f3n cuando, entre otros motivos, los datos ya no sean necesarios para los fines que fueron recogidos. En determinadas circunstancias, los interesados podr\u00e1n solicitar la limitaci\u00f3n del tratamiento de sus datos, en cuyo caso \u00fanicamente los conservaremos para el ejercicio o la defensa de reclamaciones.<br \/><br \/>En determinadas circunstancias y por motivos relacionados con su situaci\u00f3n particular, los interesados podr\u00e1n oponerse al tratamiento de sus datos y KMAREA dejar\u00e1 de tratar los datos, salvo por motivos leg\u00edtimos imperiosos, o el ejercicio o la defensa de posibles reclamaciones. Para ejercer sus derechos deben enviar una comunicaci\u00f3n junto con su documento de identidad a: \u00ab<a href=\"mailto:dpo@saosl.com\">dpo@saosl.com<\/a>\u00ab<\/p><p>El usuario podr\u00e1 revocar en cualquier momento el consentimiento prestado en la siguiente direcci\u00f3n de correo:\u00a0<a href=\"mailto:dpo@saosl.com\">dpo@saosl.com<\/a><\/p><p>Asimismo se le informa de que los interesados tienen derecho a reclamar ante la Autoridad de Control, La Agencia Espa\u00f1ola de Protecci\u00f3n de Datos.<\/p>\t\t\t\t\t\t\t\t<\/div>\n\t\t\t\t<\/div>\n\t\t\t\t\t<\/div>\n\t\t\t\t<\/div>\n\t\t\t\t\t<\/div>\n\t\t\t\t<\/div>\n\t\t\t\t<\/div>\n\t\t","protected":false},"excerpt":{"rendered":"<p>Pol\u00edticas de Privacidad CONDICIONES DE USO Las presentes condiciones de Uso y La Pol\u00edtica de Privacidad constituyen un acuerdo con Servicios Avanzados de Opini\u00f3n S.L.U, donde el cliente directo de Servicios Avanzados de Opini\u00f3n S.L.U es el propietario del restaurante que acepta la gesti\u00f3n de la plataforma como intermediario de los servicios. Estas disposiciones tambi\u00e9n [&hellip;]<\/p>\n","protected":false},"author":1,"featured_media":0,"parent":0,"menu_order":0,"comment_status":"closed","ping_status":"closed","template":"","meta":{"footnotes":""},"class_list":["post-486","page","type-page","status-publish","hentry"],"yoast_head":"<!-- This site is optimized with the Yoast SEO plugin v27.1.1 - https:\/\/yoast.com\/product\/yoast-seo-wordpress\/ -->\n<title>Pol\u00edticas de Privacidad - Kmarea<\/title>\n<meta name=\"robots\" content=\"index, follow, max-snippet:-1, max-image-preview:large, max-video-preview:-1\" \/>\n<link rel=\"canonical\" href=\"https:\/\/info.kmarea.com\/?page_id=486\" \/>\n<meta property=\"og:locale\" content=\"es_ES\" \/>\n<meta property=\"og:type\" content=\"article\" \/>\n<meta property=\"og:title\" content=\"Pol\u00edticas de Privacidad - Kmarea\" \/>\n<meta property=\"og:description\" content=\"Pol\u00edticas de Privacidad CONDICIONES DE USO Las presentes condiciones de Uso y La Pol\u00edtica de Privacidad constituyen un acuerdo con Servicios Avanzados de Opini\u00f3n S.L.U, donde el cliente directo de Servicios Avanzados de Opini\u00f3n S.L.U es el propietario del restaurante que acepta la gesti\u00f3n de la plataforma como intermediario de los servicios. Estas disposiciones tambi\u00e9n [&hellip;]\" \/>\n<meta property=\"og:url\" content=\"https:\/\/info.kmarea.com\/?page_id=486\" \/>\n<meta property=\"og:site_name\" content=\"Kmarea\" \/>\n<meta property=\"article:modified_time\" content=\"2024-05-18T18:37:25+00:00\" \/>\n<meta name=\"twitter:card\" content=\"summary_large_image\" \/>\n<meta name=\"twitter:label1\" content=\"Tiempo de lectura\" \/>\n\t<meta name=\"twitter:data1\" content=\"7 minutos\" \/>\n<script type=\"application\/ld+json\" class=\"yoast-schema-graph\">{\"@context\":\"https:\/\/schema.org\",\"@graph\":[{\"@type\":\"WebPage\",\"@id\":\"https:\/\/info.kmarea.com\/?page_id=486\",\"url\":\"https:\/\/info.kmarea.com\/?page_id=486\",\"name\":\"Pol\u00edticas de Privacidad - Kmarea\",\"isPartOf\":{\"@id\":\"https:\/\/info.kmarea.com\/#website\"},\"datePublished\":\"2024-05-13T15:36:49+00:00\",\"dateModified\":\"2024-05-18T18:37:25+00:00\",\"breadcrumb\":{\"@id\":\"https:\/\/info.kmarea.com\/?page_id=486#breadcrumb\"},\"inLanguage\":\"es\",\"potentialAction\":[{\"@type\":\"ReadAction\",\"target\":[\"https:\/\/info.kmarea.com\/?page_id=486\"]}]},{\"@type\":\"BreadcrumbList\",\"@id\":\"https:\/\/info.kmarea.com\/?page_id=486#breadcrumb\",\"itemListElement\":[{\"@type\":\"ListItem\",\"position\":1,\"name\":\"Portada\",\"item\":\"https:\/\/info.kmarea.com\/\"},{\"@type\":\"ListItem\",\"position\":2,\"name\":\"Pol\u00edticas de Privacidad\"}]},{\"@type\":\"WebSite\",\"@id\":\"https:\/\/info.kmarea.com\/#website\",\"url\":\"https:\/\/info.kmarea.com\/\",\"name\":\"Kmarea\",\"description\":\"\",\"publisher\":{\"@id\":\"https:\/\/info.kmarea.com\/#organization\"},\"potentialAction\":[{\"@type\":\"SearchAction\",\"target\":{\"@type\":\"EntryPoint\",\"urlTemplate\":\"https:\/\/info.kmarea.com\/?s={search_term_string}\"},\"query-input\":{\"@type\":\"PropertyValueSpecification\",\"valueRequired\":true,\"valueName\":\"search_term_string\"}}],\"inLanguage\":\"es\"},{\"@type\":\"Organization\",\"@id\":\"https:\/\/info.kmarea.com\/#organization\",\"name\":\"Kmarea\",\"url\":\"https:\/\/info.kmarea.com\/\",\"logo\":{\"@type\":\"ImageObject\",\"inLanguage\":\"es\",\"@id\":\"https:\/\/info.kmarea.com\/#\/schema\/logo\/image\/\",\"url\":\"https:\/\/info.kmarea.com\/wp-content\/uploads\/2024\/05\/kmarea_Logo_W.svg\",\"contentUrl\":\"https:\/\/info.kmarea.com\/wp-content\/uploads\/2024\/05\/kmarea_Logo_W.svg\",\"width\":256,\"height\":256,\"caption\":\"Kmarea\"},\"image\":{\"@id\":\"https:\/\/info.kmarea.com\/#\/schema\/logo\/image\/\"}}]}<\/script>\n<!-- \/ Yoast SEO plugin. -->","yoast_head_json":{"title":"Pol\u00edticas de Privacidad - Kmarea","robots":{"index":"index","follow":"follow","max-snippet":"max-snippet:-1","max-image-preview":"max-image-preview:large","max-video-preview":"max-video-preview:-1"},"canonical":"https:\/\/info.kmarea.com\/?page_id=486","og_locale":"es_ES","og_type":"article","og_title":"Pol\u00edticas de Privacidad - Kmarea","og_description":"Pol\u00edticas de Privacidad CONDICIONES DE USO Las presentes condiciones de Uso y La Pol\u00edtica de Privacidad constituyen un acuerdo con Servicios Avanzados de Opini\u00f3n S.L.U, donde el cliente directo de Servicios Avanzados de Opini\u00f3n S.L.U es el propietario del restaurante que acepta la gesti\u00f3n de la plataforma como intermediario de los servicios. Estas disposiciones tambi\u00e9n [&hellip;]","og_url":"https:\/\/info.kmarea.com\/?page_id=486","og_site_name":"Kmarea","article_modified_time":"2024-05-18T18:37:25+00:00","twitter_card":"summary_large_image","twitter_misc":{"Tiempo de lectura":"7 minutos"},"schema":{"@context":"https:\/\/schema.org","@graph":[{"@type":"WebPage","@id":"https:\/\/info.kmarea.com\/?page_id=486","url":"https:\/\/info.kmarea.com\/?page_id=486","name":"Pol\u00edticas de Privacidad - Kmarea","isPartOf":{"@id":"https:\/\/info.kmarea.com\/#website"},"datePublished":"2024-05-13T15:36:49+00:00","dateModified":"2024-05-18T18:37:25+00:00","breadcrumb":{"@id":"https:\/\/info.kmarea.com\/?page_id=486#breadcrumb"},"inLanguage":"es","potentialAction":[{"@type":"ReadAction","target":["https:\/\/info.kmarea.com\/?page_id=486"]}]},{"@type":"BreadcrumbList","@id":"https:\/\/info.kmarea.com\/?page_id=486#breadcrumb","itemListElement":[{"@type":"ListItem","position":1,"name":"Portada","item":"https:\/\/info.kmarea.com\/"},{"@type":"ListItem","position":2,"name":"Pol\u00edticas de Privacidad"}]},{"@type":"WebSite","@id":"https:\/\/info.kmarea.com\/#website","url":"https:\/\/info.kmarea.com\/","name":"Kmarea","description":"","publisher":{"@id":"https:\/\/info.kmarea.com\/#organization"},"potentialAction":[{"@type":"SearchAction","target":{"@type":"EntryPoint","urlTemplate":"https:\/\/info.kmarea.com\/?s={search_term_string}"},"query-input":{"@type":"PropertyValueSpecification","valueRequired":true,"valueName":"search_term_string"}}],"inLanguage":"es"},{"@type":"Organization","@id":"https:\/\/info.kmarea.com\/#organization","name":"Kmarea","url":"https:\/\/info.kmarea.com\/","logo":{"@type":"ImageObject","inLanguage":"es","@id":"https:\/\/info.kmarea.com\/#\/schema\/logo\/image\/","url":"https:\/\/info.kmarea.com\/wp-content\/uploads\/2024\/05\/kmarea_Logo_W.svg","contentUrl":"https:\/\/info.kmarea.com\/wp-content\/uploads\/2024\/05\/kmarea_Logo_W.svg","width":256,"height":256,"caption":"Kmarea"},"image":{"@id":"https:\/\/info.kmarea.com\/#\/schema\/logo\/image\/"}}]}},"_links":{"self":[{"href":"https:\/\/info.kmarea.com\/index.php?rest_route=\/wp\/v2\/pages\/486","targetHints":{"allow":["GET"]}}],"collection":[{"href":"https:\/\/info.kmarea.com\/index.php?rest_route=\/wp\/v2\/pages"}],"about":[{"href":"https:\/\/info.kmarea.com\/index.php?rest_route=\/wp\/v2\/types\/page"}],"author":[{"embeddable":true,"href":"https:\/\/info.kmarea.com\/index.php?rest_route=\/wp\/v2\/users\/1"}],"replies":[{"embeddable":true,"href":"https:\/\/info.kmarea.com\/index.php?rest_route=%2Fwp%2Fv2%2Fcomments&post=486"}],"version-history":[{"count":14,"href":"https:\/\/info.kmarea.com\/index.php?rest_route=\/wp\/v2\/pages\/486\/revisions"}],"predecessor-version":[{"id":989,"href":"https:\/\/info.kmarea.com\/index.php?rest_route=\/wp\/v2\/pages\/486\/revisions\/989"}],"wp:attachment":[{"href":"https:\/\/info.kmarea.com\/index.php?rest_route=%2Fwp%2Fv2%2Fmedia&parent=486"}],"curies":[{"name":"wp","href":"https:\/\/api.w.org\/{rel}","templated":true}]}}