{"id":497,"date":"2024-05-13T15:42:09","date_gmt":"2024-05-13T15:42:09","guid":{"rendered":"https:\/\/info.kmarea.com\/?page_id=497"},"modified":"2024-05-13T15:43:57","modified_gmt":"2024-05-13T15:43:57","slug":"politica-de-cookies","status":"publish","type":"page","link":"https:\/\/info.kmarea.com\/?page_id=497","title":{"rendered":"Pol\u00edtica de Cookies"},"content":{"rendered":"\t\t<div data-elementor-type=\"wp-page\" data-elementor-id=\"497\" class=\"elementor elementor-497\" data-elementor-post-type=\"page\">\n\t\t\t\t<div class=\"elementor-element elementor-element-be00432 e-flex e-con-boxed e-con e-parent\" data-id=\"be00432\" data-element_type=\"container\" data-e-type=\"container\" data-settings=\"{&quot;background_background&quot;:&quot;classic&quot;}\">\n\t\t\t\t\t<div class=\"e-con-inner\">\n\t\t<div class=\"elementor-element elementor-element-5a565fe e-flex e-con-boxed e-con e-child\" data-id=\"5a565fe\" data-element_type=\"container\" data-e-type=\"container\" data-settings=\"{&quot;background_background&quot;:&quot;classic&quot;}\">\n\t\t\t\t\t<div class=\"e-con-inner\">\n\t\t\t\t<div class=\"elementor-element elementor-element-a9072bf elementor-widget elementor-widget-heading\" data-id=\"a9072bf\" data-element_type=\"widget\" data-e-type=\"widget\" data-widget_type=\"heading.default\">\n\t\t\t\t<div class=\"elementor-widget-container\">\n\t\t\t\t\t<h5 class=\"elementor-heading-title elementor-size-default\">Pol\u00edtica de Cookies<\/h5>\t\t\t\t<\/div>\n\t\t\t\t<\/div>\n\t\t\t\t<div class=\"elementor-element elementor-element-3532018 elementor-widget elementor-widget-spacer\" data-id=\"3532018\" data-element_type=\"widget\" data-e-type=\"widget\" data-widget_type=\"spacer.default\">\n\t\t\t\t<div class=\"elementor-widget-container\">\n\t\t\t\t\t\t\t<div class=\"elementor-spacer\">\n\t\t\t<div class=\"elementor-spacer-inner\"><\/div>\n\t\t<\/div>\n\t\t\t\t\t\t<\/div>\n\t\t\t\t<\/div>\n\t\t\t\t<div class=\"elementor-element elementor-element-ffab36c elementor-widget elementor-widget-text-editor\" data-id=\"ffab36c\" data-element_type=\"widget\" data-e-type=\"widget\" data-widget_type=\"text-editor.default\">\n\t\t\t\t<div class=\"elementor-widget-container\">\n\t\t\t\t\t\t\t\t\t<p><strong>Informaci\u00f3n b\u00e1sica de protecci\u00f3n de datos<\/strong><\/p><p><strong>Responsable:<\/strong>\u00a0Servicios avanzados de opini\u00f3n S.L.<br \/><strong>Finalidad:<\/strong>\u00a0gesti\u00f3n de datos de navegaci\u00f3n y an\u00e1lisis de las visitas de la web.<br \/><strong>Derechos:<\/strong>\u00a0puede ejercitar su derecho de acceso, rectificaci\u00f3n, supresi\u00f3n y otros, tal como aparece en la informaci\u00f3n ampliada que puede conocer visitando nuestra pol\u00edtica de privacidad. (<a href=\"https:\/\/info.kmarea.com\/politica-privacidad\/\">https:\/\/info.kmarea.com\/politica-privacidad\/<\/a>).<br \/><br \/><\/p><h3><strong>POL\u00cdTICA DE COOKIES<\/strong><\/h3><p>En cumplimiento de lo establecido el art. 22.2 de la Ley 34\/2002 de Servicios de la Sociedad de la informaci\u00f3n (LSSI), desde SAO le informamos que para la correcta navegaci\u00f3n y uso de esta p\u00e1gina web se requiere de la instalaci\u00f3n de cookies.<\/p><p>La finalidad de la instalaci\u00f3n, y por ende tratamiento de datos personales asociados al uso de esta tecnolog\u00eda es la configuraci\u00f3n\u00a0 de medidas t\u00e9cnicas de seguridad, personalizaci\u00f3n, y funcionamiento b\u00e1sico de la web (cookies t\u00e9cnicas), as\u00ed como la realizaci\u00f3n de an\u00e1lisis del paso por la web de los visitantes y usuarios (cookies anal\u00edticas), la configuraci\u00f3n y muestra de publicidad b\u00e1sica (cookies de publicidad)<\/p><p>El plazo de conservaci\u00f3n de los datos recogidos por las cookies ser\u00e1 el que se indica en la tabla que aparece m\u00e1s adelante, en este mismo apartado. El plazo contar\u00e1 a partir de la finalizaci\u00f3n de cada sesi\u00f3n del usuario en la p\u00e1gina web.<\/p><p>Usted puede elegir prestar o no su consentimiento a la instalaci\u00f3n de las cookies de SAO, en el caso de no aceptarlas, o de bloquearlas,\u00a0 la navegaci\u00f3n por la p\u00e1gina puede no ser correcta. Entre los fallos m\u00e1s habituales por la no instalaci\u00f3n de las cookies se encuentra el error en la carga de contenidos multimedia, la imposibilidad de entrar en la zona cliente o de configurar las preferencias de uso de la p\u00e1gina.<br \/><br \/><\/p><h3><strong>\u00bfQU\u00c9 SON LAS COOKIES?<\/strong><\/h3><p>Las cookies son peque\u00f1os ficheros de texto, que guardan informaci\u00f3n del usuario y se almacenan de su propio dispositivo bien sea PC, Tablet o m\u00f3vil.<br \/><br \/><\/p><h3><strong>\u00bfQUI\u00c9N EMITE LAS COOKIES Y PARA QU\u00c9?<\/strong><\/h3><p>Las cookies son emitidas por una p\u00e1gina web, con la finalidad de mejorar la experiencia de navegaci\u00f3n del usuario, as\u00ed como para realizar an\u00e1lisis de sus acciones dentro de la web. Las cookies permiten que la p\u00e1gina web que las ha emitido recuerde las elecciones y caracter\u00edsticas de navegaci\u00f3n del usuario.<br \/><br \/><\/p><h3><strong>\u00bfQU\u00c9 TIPOS DE COOKIES EXISTEN?<\/strong><\/h3><p>Las cookies pueden catalogarse seg\u00fan 3 criterios:<\/p><ol><li>Entidad que las gestiona: Si son propias o de terceros.<\/li><li>Plazo en que permanecen activas: Cookies de sesi\u00f3n o persistentes.<\/li><li>Seg\u00fan su finalidad.<ol><li>Cookies t\u00e9cnicas. (no requieren consentimiento)<\/li><li>Cookies de personalizaci\u00f3n.<\/li><li>Cookies de an\u00e1lisis<\/li><li>Cookies publicitarias<\/li><li>Cookies de publicidad comportamental.<\/li><\/ol><\/li><\/ol><h3>\u00a0<\/h3><h3><strong>C\u00d3MO ADMINISTRO LAS COOKIES DE MIS DISPOSITIVOS?<\/strong><\/h3><p>Usted elige si acepta o no la instalaci\u00f3n de cookies de esta p\u00e1gina web, www.saoestudiosdemercado.com, en sus dispositivos. Puede elegir el bloqueo directo de la instalaci\u00f3n de las cookies desde su navegador, as\u00ed como tambi\u00e9n puede elegir la instalaci\u00f3n de unas y el borrado de otras.<br \/><br \/><\/p><h3>COMO CONFIGURAR LAS COOKIES SEG\u00daN SU NAVEGADOR:<\/h3><ol><li><strong>Internet Explorer:<\/strong>\u00a0Herramientas &gt; Opciones de Internet &gt; Privacidad &gt; Configuraci\u00f3n. Para m\u00e1s informaci\u00f3n, puede consultar el\u00a0<a href=\"http:\/\/windows.microsoft.com\/es-ES\/windows\/support#1TC=windows-7\" target=\"_blank\" rel=\"noopener\">soporte de Microsoft<\/a>\u00a0o la Ayuda del navegador.<\/li><li><strong>Firefox:<\/strong>\u00a0Herramientas &gt; Opciones &gt; Privacidad &gt; Historial &gt; Configuraci\u00f3n Personalizada. Para m\u00e1s informaci\u00f3n, puede consultar el\u00a0<a href=\"https:\/\/support.mozilla.org\/es\/\" target=\"_blank\" rel=\"noopener\">soporte de Mozilla<\/a>\u00a0o la Ayuda del navegador.<\/li><li><strong>Chrome:<\/strong>\u00a0Configuraci\u00f3n &gt; Mostrar opciones avanzadas &gt; Privacidad -&gt; Configuraci\u00f3n de contenido. Para m\u00e1s informaci\u00f3n, puede consultar el\u00a0<a href=\"https:\/\/support.google.com\/chrome\/?hl=es#topic=3227046\" target=\"_blank\" rel=\"noopener\">soporte de Google<\/a>\u00a0o la Ayuda del navegador.<\/li><li><strong>Safari:<\/strong>\u00a0Preferencias &gt; Seguridad. Para m\u00e1s informaci\u00f3n, puede consultar el\u00a0<a href=\"http:\/\/www.apple.com\/es\/support\/mac-apps\/safari\/\" target=\"_blank\" rel=\"noopener\">soporte de Apple<\/a>\u00a0o la Ayuda del navegador.<\/li><li><strong>Opera:<\/strong>\u00a0Configuraci\u00f3n &gt; Opciones &gt; Avanzado &gt; Para m\u00e1s informaci\u00f3n, puede consultar el\u00a0<a href=\"http:\/\/help.opera.com\/Windows\/11.50\/es-ES\/cookies.html\">soporte de Opera<\/a>\u00a0o la Ayuda del navegador.<\/li><\/ol><p>*Estas configuraciones pueden no estar disponibles en dispositivos m\u00f3viles tales como tabletS o smartphones.<br \/>*Si usa otro navegador distinto a los anteriores, consulte su pol\u00edtica de instalaci\u00f3n, uso y bloqueo de cookies.<br \/><br \/><\/p><h3>COOKIES UTILIZADAS EN ESTA WEB<\/h3><p>La siguiente es una relaci\u00f3n de las cookies usadas en esta p\u00e1gina web. Esta lista no tiene car\u00e1cter limitativo.<br \/><br \/><\/p><h4>COOKIES PROPIAS<\/h4><ul><li><strong>COOKIE:\u00a0<\/strong>PHPSESSID<\/li><li><strong>DURACI\u00d3N:\u00a0<\/strong>Sesi\u00f3n<\/li><li><strong>INFORMACI\u00d3N QUE NOS FACILITA:<\/strong>\u00a0Cookie usada por el lenguaje de encriptado PHP para permitir que las variables de SESI\u00d3N sean guardadas en el servidor web. Esta cookies es esencial para el funcionamiento de la web.<\/li><\/ul><h4>\u00a0<\/h4><h4>COOKIES\u00a0DE TERCEROS<\/h4><p>SAO y Google Analytics<\/p><p>Con el fin de mejorar los servicios que prestamos, hacemos uso del servicio anal\u00edtica web de Gloogle Inc.: Google Analytics, que nos permite realizar un seguimiento ANONIMO de las acciones de un usuario en nuestra web.<\/p><p>Las cookies que se instalan al hacer uso del servicio de Google Analytics son:<\/p><ul><li><strong>COOKIE:<\/strong>\u00a0_ga<\/li><li><strong>DURACI\u00d3N:<\/strong>\u00a02 a\u00f1os<\/li><li><strong>INFORMACI\u00d3N QUE NOS FACILITA:<\/strong>\u00a0Se usa para diferenciar usuarios<\/li><\/ul><ul><li><strong>COOKIE:<\/strong>\u00a0_gat<\/li><li><strong>DURACI\u00d3N:<\/strong>\u00a024 horas<\/li><li><strong>INFORMACI\u00d3N QUE NOS FACILITA:<\/strong>\u00a0Se usa para diferenciar usuarios<\/li><\/ul><ul><li><strong>COOKIE:<\/strong>\u00a0_gid<\/li><li><strong>DURACI\u00d3N:<\/strong>\u00a01 minuto<\/li><li><strong>INFORMACI\u00d3N QUE NOS FACILITA:<\/strong>\u00a0Se hace para limitar el porcentaje de solicitudes. Al usar Google Tag Manager se puede llamar\u00a0<\/li><\/ul><p><br \/>Google, Inc. tiene sus servidores en Estados Unidos de Am\u00e9rica, por lo que el uso de sus servicios puede implicar una transferencia internacional de datos fuera de la Uni\u00f3n Europea. Puede obtener m\u00e1s informaci\u00f3n sobre lo que esto implica a trav\u00e9s del siguiente enlace:\u00a0<a href=\"https:\/\/policies.google.com\/privacy?hl=es\" target=\"_blank\" rel=\"noopener\">https:\/\/policies.google.com\/privacy?hl=es<\/a><\/p><p>Actualizaci\u00f3n de la pol\u00edtica de cookies y uso de otras cookies.<\/p><p>Con la evoluci\u00f3n tecnol\u00f3gica el uso de distintas cookies se presenta muy posible, por lo que en caso de implementar el uso de cookies que afecten su privacidad de forma distinta a las que haya autorizado anteriormente, le informaremos y solicitaremos su consentimiento.<\/p>\t\t\t\t\t\t\t\t<\/div>\n\t\t\t\t<\/div>\n\t\t\t\t\t<\/div>\n\t\t\t\t<\/div>\n\t\t\t\t\t<\/div>\n\t\t\t\t<\/div>\n\t\t\t\t<\/div>\n\t\t","protected":false},"excerpt":{"rendered":"<p>Pol\u00edtica de Cookies Informaci\u00f3n b\u00e1sica de protecci\u00f3n de datos Responsable:\u00a0Servicios avanzados de opini\u00f3n S.L.Finalidad:\u00a0gesti\u00f3n de datos de navegaci\u00f3n y an\u00e1lisis de las visitas de la web.Derechos:\u00a0puede ejercitar su derecho de acceso, rectificaci\u00f3n, supresi\u00f3n y otros, tal como aparece en la informaci\u00f3n ampliada que puede conocer visitando nuestra pol\u00edtica de privacidad. (https:\/\/info.kmarea.com\/politica-privacidad\/). POL\u00cdTICA DE COOKIES En [&hellip;]<\/p>\n","protected":false},"author":1,"featured_media":0,"parent":0,"menu_order":0,"comment_status":"closed","ping_status":"closed","template":"","meta":{"footnotes":""},"class_list":["post-497","page","type-page","status-publish","hentry"],"yoast_head":"<!-- This site is optimized with the Yoast SEO plugin v27.1.1 - https:\/\/yoast.com\/product\/yoast-seo-wordpress\/ -->\n<title>Pol\u00edtica de Cookies - Kmarea<\/title>\n<meta name=\"robots\" content=\"index, follow, max-snippet:-1, max-image-preview:large, max-video-preview:-1\" \/>\n<link rel=\"canonical\" href=\"https:\/\/info.kmarea.com\/?page_id=497\" \/>\n<meta property=\"og:locale\" content=\"es_ES\" \/>\n<meta property=\"og:type\" content=\"article\" \/>\n<meta property=\"og:title\" content=\"Pol\u00edtica de Cookies - Kmarea\" \/>\n<meta property=\"og:description\" content=\"Pol\u00edtica de Cookies Informaci\u00f3n b\u00e1sica de protecci\u00f3n de datos Responsable:\u00a0Servicios avanzados de opini\u00f3n S.L.Finalidad:\u00a0gesti\u00f3n de datos de navegaci\u00f3n y an\u00e1lisis de las visitas de la web.Derechos:\u00a0puede ejercitar su derecho de acceso, rectificaci\u00f3n, supresi\u00f3n y otros, tal como aparece en la informaci\u00f3n ampliada que puede conocer visitando nuestra pol\u00edtica de privacidad. (https:\/\/info.kmarea.com\/politica-privacidad\/). POL\u00cdTICA DE COOKIES En [&hellip;]\" \/>\n<meta property=\"og:url\" content=\"https:\/\/info.kmarea.com\/?page_id=497\" \/>\n<meta property=\"og:site_name\" content=\"Kmarea\" \/>\n<meta property=\"article:modified_time\" content=\"2024-05-13T15:43:57+00:00\" \/>\n<meta name=\"twitter:card\" content=\"summary_large_image\" \/>\n<meta name=\"twitter:label1\" content=\"Tiempo de lectura\" \/>\n\t<meta name=\"twitter:data1\" content=\"5 minutos\" \/>\n<script type=\"application\/ld+json\" class=\"yoast-schema-graph\">{\"@context\":\"https:\/\/schema.org\",\"@graph\":[{\"@type\":\"WebPage\",\"@id\":\"https:\/\/info.kmarea.com\/?page_id=497\",\"url\":\"https:\/\/info.kmarea.com\/?page_id=497\",\"name\":\"Pol\u00edtica de Cookies - Kmarea\",\"isPartOf\":{\"@id\":\"https:\/\/info.kmarea.com\/#website\"},\"datePublished\":\"2024-05-13T15:42:09+00:00\",\"dateModified\":\"2024-05-13T15:43:57+00:00\",\"breadcrumb\":{\"@id\":\"https:\/\/info.kmarea.com\/?page_id=497#breadcrumb\"},\"inLanguage\":\"es\",\"potentialAction\":[{\"@type\":\"ReadAction\",\"target\":[\"https:\/\/info.kmarea.com\/?page_id=497\"]}]},{\"@type\":\"BreadcrumbList\",\"@id\":\"https:\/\/info.kmarea.com\/?page_id=497#breadcrumb\",\"itemListElement\":[{\"@type\":\"ListItem\",\"position\":1,\"name\":\"Portada\",\"item\":\"https:\/\/info.kmarea.com\/\"},{\"@type\":\"ListItem\",\"position\":2,\"name\":\"Pol\u00edtica de Cookies\"}]},{\"@type\":\"WebSite\",\"@id\":\"https:\/\/info.kmarea.com\/#website\",\"url\":\"https:\/\/info.kmarea.com\/\",\"name\":\"Kmarea\",\"description\":\"\",\"publisher\":{\"@id\":\"https:\/\/info.kmarea.com\/#organization\"},\"potentialAction\":[{\"@type\":\"SearchAction\",\"target\":{\"@type\":\"EntryPoint\",\"urlTemplate\":\"https:\/\/info.kmarea.com\/?s={search_term_string}\"},\"query-input\":{\"@type\":\"PropertyValueSpecification\",\"valueRequired\":true,\"valueName\":\"search_term_string\"}}],\"inLanguage\":\"es\"},{\"@type\":\"Organization\",\"@id\":\"https:\/\/info.kmarea.com\/#organization\",\"name\":\"Kmarea\",\"url\":\"https:\/\/info.kmarea.com\/\",\"logo\":{\"@type\":\"ImageObject\",\"inLanguage\":\"es\",\"@id\":\"https:\/\/info.kmarea.com\/#\/schema\/logo\/image\/\",\"url\":\"https:\/\/info.kmarea.com\/wp-content\/uploads\/2024\/05\/kmarea_Logo_W.svg\",\"contentUrl\":\"https:\/\/info.kmarea.com\/wp-content\/uploads\/2024\/05\/kmarea_Logo_W.svg\",\"width\":256,\"height\":256,\"caption\":\"Kmarea\"},\"image\":{\"@id\":\"https:\/\/info.kmarea.com\/#\/schema\/logo\/image\/\"}}]}<\/script>\n<!-- \/ Yoast SEO plugin. -->","yoast_head_json":{"title":"Pol\u00edtica de Cookies - Kmarea","robots":{"index":"index","follow":"follow","max-snippet":"max-snippet:-1","max-image-preview":"max-image-preview:large","max-video-preview":"max-video-preview:-1"},"canonical":"https:\/\/info.kmarea.com\/?page_id=497","og_locale":"es_ES","og_type":"article","og_title":"Pol\u00edtica de Cookies - Kmarea","og_description":"Pol\u00edtica de Cookies Informaci\u00f3n b\u00e1sica de protecci\u00f3n de datos Responsable:\u00a0Servicios avanzados de opini\u00f3n S.L.Finalidad:\u00a0gesti\u00f3n de datos de navegaci\u00f3n y an\u00e1lisis de las visitas de la web.Derechos:\u00a0puede ejercitar su derecho de acceso, rectificaci\u00f3n, supresi\u00f3n y otros, tal como aparece en la informaci\u00f3n ampliada que puede conocer visitando nuestra pol\u00edtica de privacidad. (https:\/\/info.kmarea.com\/politica-privacidad\/). POL\u00cdTICA DE COOKIES En [&hellip;]","og_url":"https:\/\/info.kmarea.com\/?page_id=497","og_site_name":"Kmarea","article_modified_time":"2024-05-13T15:43:57+00:00","twitter_card":"summary_large_image","twitter_misc":{"Tiempo de lectura":"5 minutos"},"schema":{"@context":"https:\/\/schema.org","@graph":[{"@type":"WebPage","@id":"https:\/\/info.kmarea.com\/?page_id=497","url":"https:\/\/info.kmarea.com\/?page_id=497","name":"Pol\u00edtica de Cookies - Kmarea","isPartOf":{"@id":"https:\/\/info.kmarea.com\/#website"},"datePublished":"2024-05-13T15:42:09+00:00","dateModified":"2024-05-13T15:43:57+00:00","breadcrumb":{"@id":"https:\/\/info.kmarea.com\/?page_id=497#breadcrumb"},"inLanguage":"es","potentialAction":[{"@type":"ReadAction","target":["https:\/\/info.kmarea.com\/?page_id=497"]}]},{"@type":"BreadcrumbList","@id":"https:\/\/info.kmarea.com\/?page_id=497#breadcrumb","itemListElement":[{"@type":"ListItem","position":1,"name":"Portada","item":"https:\/\/info.kmarea.com\/"},{"@type":"ListItem","position":2,"name":"Pol\u00edtica de Cookies"}]},{"@type":"WebSite","@id":"https:\/\/info.kmarea.com\/#website","url":"https:\/\/info.kmarea.com\/","name":"Kmarea","description":"","publisher":{"@id":"https:\/\/info.kmarea.com\/#organization"},"potentialAction":[{"@type":"SearchAction","target":{"@type":"EntryPoint","urlTemplate":"https:\/\/info.kmarea.com\/?s={search_term_string}"},"query-input":{"@type":"PropertyValueSpecification","valueRequired":true,"valueName":"search_term_string"}}],"inLanguage":"es"},{"@type":"Organization","@id":"https:\/\/info.kmarea.com\/#organization","name":"Kmarea","url":"https:\/\/info.kmarea.com\/","logo":{"@type":"ImageObject","inLanguage":"es","@id":"https:\/\/info.kmarea.com\/#\/schema\/logo\/image\/","url":"https:\/\/info.kmarea.com\/wp-content\/uploads\/2024\/05\/kmarea_Logo_W.svg","contentUrl":"https:\/\/info.kmarea.com\/wp-content\/uploads\/2024\/05\/kmarea_Logo_W.svg","width":256,"height":256,"caption":"Kmarea"},"image":{"@id":"https:\/\/info.kmarea.com\/#\/schema\/logo\/image\/"}}]}},"_links":{"self":[{"href":"https:\/\/info.kmarea.com\/index.php?rest_route=\/wp\/v2\/pages\/497","targetHints":{"allow":["GET"]}}],"collection":[{"href":"https:\/\/info.kmarea.com\/index.php?rest_route=\/wp\/v2\/pages"}],"about":[{"href":"https:\/\/info.kmarea.com\/index.php?rest_route=\/wp\/v2\/types\/page"}],"author":[{"embeddable":true,"href":"https:\/\/info.kmarea.com\/index.php?rest_route=\/wp\/v2\/users\/1"}],"replies":[{"embeddable":true,"href":"https:\/\/info.kmarea.com\/index.php?rest_route=%2Fwp%2Fv2%2Fcomments&post=497"}],"version-history":[{"count":4,"href":"https:\/\/info.kmarea.com\/index.php?rest_route=\/wp\/v2\/pages\/497\/revisions"}],"predecessor-version":[{"id":501,"href":"https:\/\/info.kmarea.com\/index.php?rest_route=\/wp\/v2\/pages\/497\/revisions\/501"}],"wp:attachment":[{"href":"https:\/\/info.kmarea.com\/index.php?rest_route=%2Fwp%2Fv2%2Fmedia&parent=497"}],"curies":[{"name":"wp","href":"https:\/\/api.w.org\/{rel}","templated":true}]}}